{"id":18,"date":"2018-02-27T18:58:29","date_gmt":"2018-02-27T18:58:29","guid":{"rendered":"http:\/\/jap-osa.com\/wordpress\/?page_id=18"},"modified":"2018-03-01T23:09:40","modified_gmt":"2018-03-01T23:09:40","slug":"sto-agostinho","status":"publish","type":"page","link":"https:\/\/jap-osa.com\/wordpress\/sto-agostinho\/","title":{"rendered":"Santo Agostinho"},"content":{"rendered":"<div id=\"pl-18\"  class=\"panel-layout\" ><div id=\"pg-18-0\"  class=\"panel-grid panel-no-style\" ><div id=\"pgc-18-0-0\"  class=\"panel-grid-cell\" ><div id=\"panel-18-0-0-0\" class=\"so-panel widget widget_sow-editor panel-first-child panel-last-child\" data-index=\"0\" ><div class=\"so-widget-sow-editor so-widget-sow-editor-base\">\n<div class=\"siteorigin-widget-tinymce textwidget\">\n\t<ul style=\"text-align: center;\">\n<li style=\"text-align: center;\">\n<h1>SANTO AGOSTINHO<\/h1>\n<\/li>\n<\/ul>\n<h3 style=\"text-align: center;\">Santo Agostinho nasceu no imp\u00e9rio romano, em Tagaste (hoje Souk-Ahras) no norte de \u00c1frica, no dia 13 de Novembro do ano 354. Filho de Patr\u00edcio, pag\u00e3o e voltado para o materialismo da \u00e9poca, e de M\u00f3nica, profundamente crist\u00e3, que depois se tornaria santa. A influ\u00eancia dos pais foi muito grande, primeiro a de Patr\u00edcio, depois a de Santa M\u00f3nica.<\/h3>\n<h3 style=\"text-align: center;\">Agostinho realiza os primeiros estudos em Tagaste, na escola da aldeia. O escasso interesse que demonstra na escola e o temor aos castigos dos seus professores se entrela\u00e7am com a sua forma de ser alegre. Em todos estes anos Agostinho mostra-se como uma crian\u00e7a irrequieta e rebelde.<\/h3>\n<h3 style=\"text-align: center;\">O seu pai Patr\u00edcio investe as suas poupan\u00e7as na educa\u00e7\u00e3o de Agostinho e manda-o para Madaura, cidade a 28 quil\u00f3metros de Tagaste, onde completar\u00e1 seus estudos. Nessa cidade o estudo resulta-lhe mais agrad\u00e1vel. Aborrece o grego mas gosta de ler os cl\u00e1ssicos latinos.<\/h3>\n<h3 style=\"text-align: center;\">Aos 17 anos vai a Cartago, onde Romaniano, amigo do pai, ajuda-o e se torna seu protector; durante tr\u00eas anos se dedica ao estudo e \u00e0 leitura de livros, entre os quais destaca-se o \u201cHort\u00eansio\u201d de C\u00edcero, que o impressiona profundamente.<\/h3>\n<h3 style=\"text-align: center;\">Mais afastado dos seus pais Agostinho come\u00e7a a viver e desfrutar a vida. As suas preocupa\u00e7\u00f5es s\u00e3o os espect\u00e1culos romanos e o sexo. Aos 17 anos partilha a sua vida com uma rapariga da sua idade. Fruto dessa rela\u00e7\u00e3o nasce Adeodato (\"dado por Deus\"). Agostinho espera colocar-se rapidamente como professor em Cartago, mas nessa altura morre o seu pai Patr\u00edcio (ano 371).<\/h3>\n<h3 style=\"text-align: center;\">Perante este acontecimento Agostinho torna-se o cabe\u00e7a de fam\u00edlia, e come\u00e7a a aperceber-se do grande sacrif\u00edcio que por ele fizeram os seus pais. Muitos come\u00e7am a consider\u00e1-lo uma mente brilhante.<\/h3>\n<h3 style=\"text-align: center;\">Sempre \u00e0 procura da Verdade, entra na seita dos maniqueus, onde permanecer\u00e1 durante 14 anos, at\u00e9 que, defraudado, a abandona.<\/h3>\n<p style=\"text-align: center;\">\n<ul style=\"text-align: center;\">\n<li>\n<h1>AGOSTINHO PROFESSOR<\/h1>\n<\/li>\n<\/ul>\n<h3 style=\"text-align: center;\">Agostinho regressa a sua terra natal como professor de Gram\u00e1tica aos 19 anos. \u00c9 um bom professor e um excelente maniqueu. Tagaste torna-se pequeno demais para ele e quando morre um amigo \u00edntimo volta a Cartago a ensinar Ret\u00f3rica. Acompanham-no alguns dos seus alunos.<\/h3>\n<h3 style=\"text-align: center;\">Nestes anos Agostinho l\u00ea muito. Tamb\u00e9m escreve poesia e em v\u00e1rios concursos consegue alguns pr\u00e9mios. Com apenas 26 anos publica o seu primeiro livro.<\/h3>\n<h3 style=\"text-align: center;\">Mas cansado dos alunos de Cartago dirige-se para Roma onde continua a ser professor, mas os alunos pagam pouco e mal os seus esfor\u00e7os. O seu desejo \u00e9 triunfar na capital do imp\u00e9rio, pelo que no ano seguinte, vai para Mil\u00e3o, onde ganha a c\u00e1tedra de Ret\u00f3rica da casa imperial e desenvolve tamb\u00e9m a actividade de professor de ret\u00f3rica.<\/h3>\n<h3 style=\"text-align: center;\">M\u00f3nica, sua m\u00e3e, vai ter com ele com o desejo de que abandone a seita dos maniqueus e se converta ao cristianismo.<\/h3>\n<h3 style=\"text-align: center;\">Agostinho sentia, apesar de tudo, seu cora\u00e7\u00e3o vazio, inquieto. N\u00e3o era feliz. Procurou a felicidade em muitos lugares, mas n\u00e3o a encontrava. Seu cora\u00e7\u00e3o inquieto n\u00e3o achava a verdade e a paz que desejava.<\/h3>\n<p style=\"text-align: center;\">\n<ul style=\"text-align: center;\">\n<li>\n<h1>CONVERS\u00c3O DE AGOSTINHO<\/h1>\n<\/li>\n<\/ul>\n<h3 style=\"text-align: center;\">Em Mil\u00e3o o \u201cprofessor africano\u201d come\u00e7a a visitar assiduamente a catedral atra\u00eddo pela fama do bispo Ambr\u00f3sio, que \u00e9 um grande orador. As palavras do bispo, dia ap\u00f3s dia, v\u00e3o acendendo de novo a sua inquieta\u00e7\u00e3o por encontrar a Verdade. Por isso, encontra-se com outros crist\u00e3os, como o sacerdote Simpliciano e Ponticiano, que lhe mostram o exemplo dos santos que deixaram tudo pelo Reino dos C\u00e9us.<\/h3>\n<h3 style=\"text-align: center;\">Foi uma longa caminhada e luta para transformar seu cora\u00e7\u00e3o, mas no m\u00eas de Agosto de 386, meditando no jardim, ouve uma voz de crian\u00e7a que diz \u201cTolle et lege\u201d (Toma e l\u00ea) e tomando as Cartas de S\u00e3o Paulo l\u00ea: \u201cN\u00e3o \u00e9 nos prazeres da vida mas em seguir a Cristo que se encontra a felicidade\u201d (Rom. 13,13). As d\u00favidas se dissipam e \u00e9 neste momento que culmina todo o processo de sua convers\u00e3o. \u201cBrilhou em mim como que uma luz de serenidade\u201d diz nas suas Confiss\u00f5es.<\/h3>\n<h3>Agostinho tem 32 anos quando encontrando Deus no seu cora\u00e7\u00e3o achou a felicidade, a paz e a verdade que procurava. Continua a dar aulas mas j\u00e1 com a decis\u00e3o de abandonar o ensino retira-se com os seus amigos \u00e0 quinta de Cassiciaco, perto de Mil\u00e3o, onde reflecte, escreve e partilha com os amigos a sua prepara\u00e7\u00e3o para o baptismo.<\/h3>\n<h3 style=\"text-align: center;\">No ano seguinte, 387, na Vig\u00edlia da P\u00e1scoa Agostinho \u00e9 baptizado pelo bispo Santo Ambr\u00f3sio.<\/h3>\n<ul style=\"text-align: center;\">\n<li>\n<h1>VIDA EM COMUNIDADE. AGOSTINHO BISPO.<\/h1>\n<\/li>\n<\/ul>\n<h3 style=\"text-align: center;\">\nAgostinho decide voltar a Tagaste, para morar com seus amigos, e entregar-se inteiramente ao servi\u00e7o de Deus por meio da ora\u00e7\u00e3o e o estudo. A espera faz-se insuport\u00e1vel quando a sua m\u00e3e M\u00f3nica morre no porto de \u00d3stia Tiberina. \u00c0 espera da partida Agostinho visita alguns mosteiros de Roma.<\/h3>\n<h3 style=\"text-align: center;\">Por fim chega a Tagaste. O primeiro que faz \u00e9 vender os seus bens e distribu\u00ed-los entre os mais necessitados e fundar o seu primeiro mosteiro, onde vive em comunidade com os seus amigos.<\/h3>\n<h3 style=\"text-align: center;\">Nesse mesmo ano de 388 morre o seu filho Adeodato, que vivia com ele.<\/h3>\n<h3 style=\"text-align: center;\">Passam tr\u00eas anos e Agostinho faz uma viagem a Hipona com a inten\u00e7\u00e3o de visitar um amigo que queria entrar no seu mosteiro. Mas ser\u00e1 ele quem fica ali quando o povo o proclama sacerdote com a concord\u00e2ncia do bispo Val\u00e9rio e ordenado por ele. Agostinho n\u00e3o queria abandonar o seu estilo de vida mas corando aceitou o pedido que lhe fazia a Igreja. No entanto, pediu ao Bispo que lhe deixasse fundar um pequeno mosteiro para poder viver com os irm\u00e3os e servir \u00e0 igreja.<\/h3>\n<h3 style=\"text-align: center;\">Tr\u00eas anos depois Val\u00e9rio consagra-o bispo auxiliar, com medo de que a sua fama se expandisse ainda mais e o levassem para outra diocese. Ap\u00f3s uns anos e depois do falecimento de Val\u00e9rio \u00e9 sagrado bispo principal da cidade, da\u00ed o nome de Agostinho de Hipona.<\/h3>\n<h3 style=\"text-align: center;\">Agostinho vive em comunidade, tentando seguir o ideal das primeiras comunidades crist\u00e3s, na pobreza e na partilha. A comunidade eclesial de Hipona estava formada maioritariamente por pobres. Agostinho fez-se a voz destes pobres, falando por eles na Igreja, indo at\u00e9 as autoridades para interceder por eles e ajudando-os naquilo que podia. Entre as fun\u00e7\u00f5es que o bispo tinha estava a de administrar os bens da Igreja e repartir o seu benef\u00edcio entre os pobres, tamb\u00e9m a de acolher os peregrinos, ser protector dos \u00f3rf\u00e3os e vi\u00favas... Agostinho realiza todas elas como um servi\u00e7o aos pobres e \u00e0 Igreja. Tamb\u00e9m tinha o bispo que exercer a fun\u00e7\u00e3o de juiz, tarefa que desagradava em extremo a Agostinho, mas que tamb\u00e9m exerceu com objectividade, justi\u00e7a e caridade.<\/h3>\n<ul style=\"text-align: center;\">\n<li>\n<h1>AGOSTINHO FUNDADOR<\/h1>\n<\/li>\n<\/ul>\n<h3 style=\"text-align: center;\">Agora Agostinho tem de desempenhar outras fun\u00e7\u00f5es, mas a sua actividade como fundador de novas comunidades religiosas n\u00e3o decresce. V\u00ea com alegria como os seus melhores amigos, Al\u00edpio, Ev\u00f3dio, Pos\u00eddio e Bonif\u00e1cio s\u00e3o ordenados bispos de outras cidades do norte de \u00c1frica. Viaja, l\u00ea, escreve, participa em v\u00e1rios conc\u00edlios. A sua fama expande-se cada vez mais. Deste modo ocupa os seus pr\u00f3ximos 35 anos de vida.<\/h3>\n<ul style=\"text-align: center;\">\n<li>\n<h1 style=\"text-align: center;\">AGOSTINHO SANTO<\/h1>\n<\/li>\n<\/ul>\n<h3 style=\"text-align: center;\">Mas aos 76 anos de idade, quando os v\u00e2ndalos invadem o imp\u00e9rio e cercam Hipona, Agostinho, muito enfermo retira-se. No dia 28 de Agosto de 430 Agostinho, rodeado de amigos, entrega o seu esp\u00edrito a Deus. Os seus restos mortais encontram-se em Pavia, It\u00e1lia.<\/h3>\n<ul style=\"text-align: center;\">\n<li>\n<h1 style=\"text-align: center;\">ESCRITOS<\/h1>\n<\/li>\n<\/ul>\n<h3 style=\"text-align: center;\">Agradava muito a Agostinho a pr\u00e1tica da ora\u00e7\u00e3o, o estudo e escrever. Agostinho escreveu um enorme n\u00famero de obras: um total de 113, sem contar as cartas das quais se conservam mais de 200- e os Serm\u00f5es. A maior parte das obras de Santo Agostinho surgiram por causa dos problemas ou das preocupa\u00e7\u00f5es que atormentavam a Igreja do seu tempo; \u00e9 por isso que nas suas obras est\u00e3o presentes as pol\u00e9micas em que ele mesmo esteve envolvido, principalmente contra os maniqueus (seita da qual ele mesmo fez parte antes da convers\u00e3o e que defendia um confuso dualismo c\u00f3smico \u2013 o bem contra o mal sempre em conflito um com o outro- e desvalorizavam de forma perversa tudo o criado), os donatistas (que atribu\u00edam a efic\u00e1cia dos sacramentos unicamente ao ministro, negando sua ac\u00e7\u00e3o, como sinal eficaz da gra\u00e7a e ainda se consideravam a \u201cIgreja dos santos\u201d) e os pelagianos (que defendiam que o homem se salva por suas pr\u00f3prias for\u00e7as, sem precisar da gra\u00e7a de Deus).<\/h3>\n<h3 style=\"text-align: center;\">Al\u00e9m destas obras destinadas a combater os advers\u00e1rios e inimigos da Igreja, Agostinho escreveu outras de diverso conte\u00fado: no campo exeg\u00e9tico (principalmente os Coment\u00e1rios ao G\u00e9nesis, S\u00e3o Jo\u00e3o e os Salmos), no dogm\u00e1tico (\u201cSobre a Trindade\u201d), na Pastoral (\u201cSobre a Catequese dos simples\u201d). Mas, dentre todas as obras, destacam-se duas pela genialidade: \u201cA Cidade de Deus\u201d, que representa a primeira tentativa de fazer uma interpreta\u00e7\u00e3o crist\u00e3 da hist\u00f3ria, e \u201cAs Confiss\u00f5es\u201d, onde Agostinho manifesta a sua fraqueza, que gera o mal, e a Deus, fonte de todo bem e Verdade absoluta; as \u201cConfiss\u00f5es\u201d s\u00e3o um louvor \u00e0 Gra\u00e7a de Deus.<\/h3>\n<h3 style=\"text-align: center;\">A obra e o pensamento de Agostinho ultrapassam os limites da sua \u00e9poca e exercem uma grande influ\u00eancia na Idade M\u00e9dia e em tempos posteriores at\u00e9 na nossa \u00e9poca. O seu impacto acontece nos mais diversos campos do pensamento humano, da cultura e da vida eclesial e religiosa.<\/h3>\n<\/div>\n<\/div><\/div><\/div><\/div><\/div>","protected":false},"excerpt":{"rendered":"<p>SANTO AGOSTINHO Santo Agostinho nasceu no imp\u00e9rio romano, em Tagaste (hoje Souk-Ahras) no norte de \u00c1frica, no dia 13 de Novembro do ano 354. Filho de Patr\u00edcio, pag\u00e3o e voltado para o materialismo da \u00e9poca, e de M\u00f3nica, profundamente crist\u00e3, que depois se tornaria santa. A influ\u00eancia dos pais foi muito grande, primeiro a de &hellip; <\/p>\n<p class=\"link-more\"><a href=\"https:\/\/jap-osa.com\/wordpress\/sto-agostinho\/\" class=\"more-link\">Continuar a ler <span class=\"screen-reader-text\">&#8220;Santo Agostinho&#8221;<\/span><\/a><\/p>\n","protected":false},"author":1,"featured_media":148,"parent":0,"menu_order":0,"comment_status":"closed","ping_status":"closed","template":"","meta":{"spay_email":""},"jetpack_shortlink":"https:\/\/wp.me\/P9IcpZ-i","jetpack_likes_enabled":true,"_links":{"self":[{"href":"https:\/\/jap-osa.com\/wordpress\/wp-json\/wp\/v2\/pages\/18"}],"collection":[{"href":"https:\/\/jap-osa.com\/wordpress\/wp-json\/wp\/v2\/pages"}],"about":[{"href":"https:\/\/jap-osa.com\/wordpress\/wp-json\/wp\/v2\/types\/page"}],"author":[{"embeddable":true,"href":"https:\/\/jap-osa.com\/wordpress\/wp-json\/wp\/v2\/users\/1"}],"replies":[{"embeddable":true,"href":"https:\/\/jap-osa.com\/wordpress\/wp-json\/wp\/v2\/comments?post=18"}],"version-history":[{"count":4,"href":"https:\/\/jap-osa.com\/wordpress\/wp-json\/wp\/v2\/pages\/18\/revisions"}],"predecessor-version":[{"id":150,"href":"https:\/\/jap-osa.com\/wordpress\/wp-json\/wp\/v2\/pages\/18\/revisions\/150"}],"wp:featuredmedia":[{"embeddable":true,"href":"https:\/\/jap-osa.com\/wordpress\/wp-json\/wp\/v2\/media\/148"}],"wp:attachment":[{"href":"https:\/\/jap-osa.com\/wordpress\/wp-json\/wp\/v2\/media?parent=18"}],"curies":[{"name":"wp","href":"https:\/\/api.w.org\/{rel}","templated":true}]}}