{"id":20,"date":"2018-02-27T18:58:29","date_gmt":"2018-02-27T18:58:29","guid":{"rendered":"http:\/\/jap-osa.com\/wordpress\/?page_id=20"},"modified":"2018-03-02T00:04:03","modified_gmt":"2018-03-02T00:04:03","slug":"sobre-jap","status":"publish","type":"page","link":"https:\/\/jap-osa.com\/wordpress\/sobre-jap\/","title":{"rendered":"Sobre a JAP"},"content":{"rendered":"<div id=\"pl-20\"  class=\"panel-layout\" ><div id=\"pg-20-0\"  class=\"panel-grid panel-no-style\" ><div id=\"pgc-20-0-0\"  class=\"panel-grid-cell\" ><div id=\"panel-20-0-0-0\" class=\"so-panel widget widget_sow-editor panel-first-child panel-last-child\" data-index=\"0\" ><div class=\"so-widget-sow-editor so-widget-sow-editor-base\">\n<div class=\"siteorigin-widget-tinymce textwidget\">\n\t<ul>\n<li style=\"text-align: center;\">\n<h1><strong>JUVENTUDE AGOSTINIANA PORTUGUESA<\/strong><\/h1>\n<\/li>\n<\/ul>\n<h3 style=\"text-align: center;\">A <strong>JAP<\/strong>\u00a0\u00e9 uma associa\u00e7\u00e3o juvenil sem fins lucrativos, com reconhecimento civil concedido pela C\u00e2mara de Arruda dos Vinhos em 26 de Janeiro de 1990, embora a associa\u00e7\u00e3o existisse de facto antes do seu reconhecimento civil.<\/h3>\n<h3 style=\"text-align: center;\">A nossa associa\u00e7\u00e3o est\u00e1 formada por jovens ligados \u00e0 Ordem de Santo Agostinho, e portanto, \u00e0s comunidades dos Padres Agostinhos presentes em Portugal. Para tal fim, a associa\u00e7\u00e3o tem uma especial rela\u00e7\u00e3o com as par\u00f3quias agostinianas de Santa Iria de Az\u00f3ia e S\u00e3o Domingos de Rana, com as quais colaboram habitualmente nos mais variados servi\u00e7os. A JAP \u00e9 uma associa\u00e7\u00e3o de car\u00e1cter religioso. A sua finalidade \u00e9 a viv\u00eancia e an\u00fancio da f\u00e9 crist\u00e3 segundo o carisma da Ordem de Sto. Agostinho. Ser membro da Juventude Agostiniana Portuguesa \u00e9 ser crist\u00e3o, membro da Igreja Cat\u00f3lica e ser instrumento onde se realizam e se estruturam os objectivos da Ordem Agostiniana:<\/h3>\n<p>\u00a0<\/p>\n<p>\u00a0<\/p>\n<ul style=\"text-align: center;\">\n<li>\n<h3 style=\"text-align: left;\"><strong>Busca de Deus em grupo:<\/strong> \u201cTer uma s\u00f3 alma e um s\u00f3 cora\u00e7\u00e3o em marcha para Deus\u201d.<\/h3>\n<\/li>\n<li style=\"text-align: left;\">\n<h3><strong>Rela\u00e7\u00f5es fraternas<\/strong>, de irm\u00e3o para irm\u00e3o, entre os seus membros e com todos os outros.<\/h3>\n<\/li>\n<li style=\"text-align: left;\">\n<h3><strong>Vida humilde<\/strong>, em esp\u00edrito de pobreza e comunica\u00e7\u00e3o de bens espirituais e materiais.<\/h3>\n<\/li>\n<li>\n<h3 style=\"text-align: left;\"><strong>Atitude prof\u00e9tica<\/strong> frente ao secularismo, materialismo e injusti\u00e7a.<\/h3>\n<\/li>\n<li>\n<h3 style=\"text-align: left;\"><strong>Compromisso<\/strong> apost\u00f3lico, que se estende a toda a comunidade em prol da propaga\u00e7\u00e3o da verdade, da promo\u00e7\u00e3o da unidade e do servi\u00e7o ao pr\u00f3ximo necessitado.<\/h3>\n<\/li>\n<\/ul>\n<h3>\u00a0\u00a0<\/h3>\n<h3 style=\"text-align: center;\">Temos Santo Agostinho como guia e modelo para, atrav\u00e9s do exemplo da sua vida e dos ensinamentos dos seus escritos, seguir a Cristo e orientarmos Nele toda a nossa vida e ac\u00e7\u00f5es.<br \/> A nossa vida Agostiniana exige-nos um cultivo cuidadoso dos valores da Amizade; Interioridade e Ora\u00e7\u00e3o; Forma\u00e7\u00e3o e Compromisso.<\/h3>\n<h3 style=\"text-align: center;\">A <strong>AMIZADE<\/strong> nutre e cresce da fidelidade, da confian\u00e7a, da sinceridade e da m\u00fatua compreens\u00e3o. \u00c9 ela que nos une a Deus em Cristo. \u00c9 deste modo, nesta unidade de Amor, que partimos a comunicar aos que nos rodeiam o que temos e vivemos.<\/h3>\n<h3 style=\"text-align: center;\">A <strong>INTERIORIDADE<\/strong>, atrav\u00e9s da ora\u00e7\u00e3o e da reflex\u00e3o, permite-nos conhecer-nos a n\u00f3s mesmos e conhecer cada vez mais \u00c0quele que \u201cmais interior do que n\u00f3s mesmos\u201d d\u00e1 sentido \u00e0 nossa vida e nos faz felizes.<\/h3>\n<h3 style=\"text-align: center;\">A <strong>FORMA\u00c7\u00c3O<\/strong> permite-nos aprofundar a f\u00e9 crist\u00e3 e ser testemunhas do Deus Vivo no mundo.<\/h3>\n<h3 style=\"text-align: center;\">O <strong>COMPROMISSO<\/strong> impede-nos de viver virados apenas para n\u00f3s mesmos e leva-nos a seguir o Esp\u00edrito Santo que nos impele a anunciar com a palavra mas sobretudo com o pr\u00f3prio testemunho.<\/h3>\n<h3 style=\"text-align: center;\">Estes valores determinam a vida da Juventude Agostiniana Portuguesa. Todos os seus membros, salvo excep\u00e7\u00f5es, pertencem a um dos grupos de jovens que formam a associa\u00e7\u00e3o: grupos Cassiciaco, Inquietudes ou Comunidades Juvenis. \u00c9 nestes grupos, atrav\u00e9s de reuni\u00f5es peri\u00f3dicas, que estes valores s\u00e3o vividos e aprofundados. De facto, toda a reuni\u00e3o de qualquer grupo agostiniano tem estes elementos: ora\u00e7\u00e3o, forma\u00e7\u00e3o, conv\u00edvio e ac\u00e7\u00e3o.<\/h3>\n<h3 style=\"text-align: center;\">Outras actividades anuais como os Retiros de grupo, o Retiro de Colares, os Exerc\u00edcios Espirituais, a P\u00e1scoa Juvenil Agostiniana, as Actividades de Ver\u00e3o, os Acampamentos Tagaste, etc., vir\u00e3o ajudar na viv\u00eancia destes valores.<\/h3>\n<ul>\n<li style=\"text-align: center;\">\n<h1><strong>Onde Estamos<\/strong><\/h1>\n<\/li>\n<\/ul>\n<h3 style=\"text-align: center;\">A JAP tem a sua sede no Centro Agostiniano de Pastoral. \u00c9 o lugar onde se desenvolvem habitualmente as actividades dos grupos de jovens que pertencem a nossa associa\u00e7\u00e3o. Encontra-se dentro do territ\u00f3rio da par\u00f3quia de Santa Iria de Az\u00f3ia, a Norte de Lisboa, presidida pelos Padres da Ordem de Santo Agostinho, e \u00e0 qual pertencem a maioria dos membros da associa\u00e7\u00e3o e com a qual trabalham habitualmente em conjunto.<br \/> Desde 2004 tamb\u00e9m h\u00e1 uma forte presen\u00e7a da JAP, com v\u00e1rios grupos de jovens, na Par\u00f3quia de S\u00e3o Domingos de Rana, a Oeste de Lisboa, par\u00f3quia que tamb\u00e9m presidem os Padres da Ordem de Santo Agostinho.<\/h3>\n<\/div>\n<\/div><\/div><\/div><\/div><\/div>","protected":false},"excerpt":{"rendered":"<p>JUVENTUDE AGOSTINIANA PORTUGUESA A JAP\u00a0\u00e9 uma associa\u00e7\u00e3o juvenil sem fins lucrativos, com reconhecimento civil concedido pela C\u00e2mara de Arruda dos Vinhos em 26 de Janeiro de 1990, embora a associa\u00e7\u00e3o existisse de facto antes do seu reconhecimento civil. A nossa associa\u00e7\u00e3o est\u00e1 formada por jovens ligados \u00e0 Ordem de Santo Agostinho, e portanto, \u00e0s comunidades &hellip; <\/p>\n<p class=\"link-more\"><a href=\"https:\/\/jap-osa.com\/wordpress\/sobre-jap\/\" class=\"more-link\">Continuar a ler <span class=\"screen-reader-text\">&#8220;Sobre a JAP&#8221;<\/span><\/a><\/p>\n","protected":false},"author":1,"featured_media":134,"parent":0,"menu_order":0,"comment_status":"closed","ping_status":"closed","template":"","meta":{"spay_email":""},"jetpack_shortlink":"https:\/\/wp.me\/P9IcpZ-k","jetpack_likes_enabled":true,"_links":{"self":[{"href":"https:\/\/jap-osa.com\/wordpress\/wp-json\/wp\/v2\/pages\/20"}],"collection":[{"href":"https:\/\/jap-osa.com\/wordpress\/wp-json\/wp\/v2\/pages"}],"about":[{"href":"https:\/\/jap-osa.com\/wordpress\/wp-json\/wp\/v2\/types\/page"}],"author":[{"embeddable":true,"href":"https:\/\/jap-osa.com\/wordpress\/wp-json\/wp\/v2\/users\/1"}],"replies":[{"embeddable":true,"href":"https:\/\/jap-osa.com\/wordpress\/wp-json\/wp\/v2\/comments?post=20"}],"version-history":[{"count":18,"href":"https:\/\/jap-osa.com\/wordpress\/wp-json\/wp\/v2\/pages\/20\/revisions"}],"predecessor-version":[{"id":178,"href":"https:\/\/jap-osa.com\/wordpress\/wp-json\/wp\/v2\/pages\/20\/revisions\/178"}],"wp:featuredmedia":[{"embeddable":true,"href":"https:\/\/jap-osa.com\/wordpress\/wp-json\/wp\/v2\/media\/134"}],"wp:attachment":[{"href":"https:\/\/jap-osa.com\/wordpress\/wp-json\/wp\/v2\/media?parent=20"}],"curies":[{"name":"wp","href":"https:\/\/api.w.org\/{rel}","templated":true}]}}